{"id":941,"date":"2022-02-20T04:23:39","date_gmt":"2022-02-20T07:23:39","guid":{"rendered":"https:\/\/galliatacadista.com.br\/home\/?page_id=941"},"modified":"2022-04-07T14:58:00","modified_gmt":"2022-04-07T17:58:00","slug":"sobre","status":"publish","type":"page","link":"https:\/\/galliatacadista.com.br\/home\/sobre\/","title":{"rendered":"Sobre"},"content":{"rendered":"<div class='flex_column av-l111h-019a52d3b06c1b3b52b7a1852bed0b75 av_three_fifth  avia-builder-el-0  el_before_av_two_fifth  avia-builder-el-first  first flex_column_div '   ><div  class='avia-video av-kzuy09jt-2df87ab539fb95c8a85f13672469ef36 avia-video-16-9 av-lazyload-immediate av-lazyload-video-embed'  itemprop=\"video\" itemtype=\"https:\/\/schema.org\/VideoObject\"  data-original_url='https:\/\/youtu.be\/u1b4rVSbxTc'><script type='text\/html' class='av-video-tmpl'><div class='avia-iframe-wrap'><iframe loading=\"lazy\" title=\"Galli Atacadista\" width=\"1500\" height=\"844\" src=\"https:\/\/www.youtube.com\/embed\/u1b4rVSbxTc?feature=oembed&autoplay=0&loop=0&controls=1&mute=0\" frameborder=\"0\" allow=\"accelerometer; autoplay; clipboard-write; encrypted-media; gyroscope; picture-in-picture\" allowfullscreen><\/iframe><\/div><\/script><div class='av-click-to-play-overlay'><div class=\"avia_playpause_icon\"><\/div><\/div><\/div><\/div><div class='flex_column av-dluzh-2206c0e3c75c328c8bdfd1d7bd5dca7c av_two_fifth  avia-builder-el-2  el_after_av_three_fifth  avia-builder-el-last  flex_column_div '   ><p>\n<style type=\"text\/css\" data-created_by=\"avia_inline_auto\" id=\"style-css-av-kzuy3afz-b0fe548ebc71e603b6dd1ad70afbff6d\">\n#top .av-special-heading.av-kzuy3afz-b0fe548ebc71e603b6dd1ad70afbff6d{\npadding-bottom:10px;\n}\nbody .av-special-heading.av-kzuy3afz-b0fe548ebc71e603b6dd1ad70afbff6d .av-special-heading-tag .heading-char{\nfont-size:25px;\n}\n.av-special-heading.av-kzuy3afz-b0fe548ebc71e603b6dd1ad70afbff6d .av-subheading{\nfont-size:15px;\n}\n<\/style>\n<div  class='av-special-heading av-kzuy3afz-b0fe548ebc71e603b6dd1ad70afbff6d av-special-heading-h1 blockquote modern-quote modern-centered  avia-builder-el-3  el_before_av_textblock  avia-builder-el-first '><h1 class='av-special-heading-tag'  itemprop=\"headline\"  >Galli Atacadista<\/h1><div class=\"special-heading-border\"><div class=\"special-heading-inner-border\"><\/div><\/div><\/div><br \/>\n\n<style type=\"text\/css\" data-created_by=\"avia_inline_auto\" id=\"style-css-av-7yned-9b6fa793971a4360e3346cbcad064134\">\n#top .av_textblock_section.av-7yned-9b6fa793971a4360e3346cbcad064134 .avia_textblock{\nfont-size:16px;\n}\n<\/style>\n<section  class='av_textblock_section av-7yned-9b6fa793971a4360e3346cbcad064134'  itemscope=\"itemscope\" itemtype=\"https:\/\/schema.org\/CreativeWork\" ><div class='avia_textblock'  itemprop=\"text\" ><p>H\u00e1 mais de 40 anos no segmento atacadista, o Galli \u00e9 refer\u00eancia na distribui\u00e7\u00e3o de produtos aliment\u00edcios aos com\u00e9rcios de toda a regi\u00e3o.<\/p>\n<p>Frios, latic\u00ednios, matinais e cereais s\u00e3o o carro chefe da empresa, que atende \u00e0 padarias, supermercados, pizzarias, lanchonetes, restaurantes e muitos outros neg\u00f3cios.<\/p>\n<p>O Galli Atacadista, est\u00e1 localizada na Rodovia Jo\u00e3o Leme dos Santos, 301, Km 108, Parque Reserva Fazenda Imperial &#8211; Sorocaba\/SP,<\/p>\n<p>e carrega os valores, como:<br \/>\nHonestidade, determina\u00e7\u00e3o, confian\u00e7a na equipe, respeito, trabalho, comprometimento e servir bem.<\/p>\n<p>Com um sistema de Log\u00edstica impec\u00e1vel, frota pr\u00f3pria de caminh\u00f5es, equipe treinada e motoristas qualificados para a entrega, o Galli ainda contempla uma infraestrutura moderna, com c\u00e2maras frias para manter a qualidade da mercadoria.<\/p>\n<p>A equipe de vendas possui 11 profissionais preparados para oferecer um atendimento personalizado ao cliente. Al\u00e9m do time completo e qualificado que atende as demandas financeiras, comerciais e operacionais.<\/p>\n<ul>\n<li><strong>Categorias de produtos que o Galli distribui:<\/strong><\/li>\n<\/ul>\n<p>Congelados, mercearia, frios, latic\u00ednios, embutidos, lataria doce, lataria salgada, produtos a granel, condimentos, conservas, \u00f3leos e azeites.<\/p>\n<ul>\n<li><strong>Quais as marcas\/fornecedores de produtos que o Galli fornece:<\/strong><\/li>\n<\/ul>\n<p>Lacmon, Marba, BRF, Coamo, Scala, Qualimax, Junior, Crioulo, Di Carlo, Brasa Burguers, Bonare (Goias Verde), Coronata, Mezzani, Aurora, Quat\u00e1, Avia\u00e7\u00e3o, Cepera, Vigor, Broto Legal.<\/p>\n<ul>\n<li><strong>Quantidade estimada de clientes Galli no momento:<\/strong><\/li>\n<\/ul>\n<p>M\u00e9dia de 1200 clientes ativos.<\/p>\n<ul>\n<li><strong>Ampla \u00e1rea de atendimento:<\/strong><\/li>\n<\/ul>\n<p>Alambari, Alum\u00ednio, Ara\u00e7ariguama, Ara\u00e7oiaba da Serra, Boituva, Capela do Alto, Ces\u00e1rio Lange, Cerquilho, Conchas, Elias Fausto, Guare\u00ed, Ibi\u00fana, Indaiatuba, Iper\u00f3, Itapetininga, It\u00fa, Itup\u00e9va, Jumirim, Jundia\u00ed, Laranjal Paulista, Mairinque, Pereiras, Piedade, Pilar do Sul, Porto Feliz, Quadra, Salto de Pirapora, Sarapu\u00ed, Salto, S\u00e3o Miguel Arcanjo, S\u00e3o Roque, Sorocaba, Tapira\u00ed, Tatu\u00ed, Tiete, Vargem Grande Paulista e Votorantim.<\/p>\n<\/div><\/section><br \/>\n\n<style type=\"text\/css\" data-created_by=\"avia_inline_auto\" id=\"style-css-av-kzuy7pbb-2a01ab9d6d8d4acf7d5ff6f0a4d14d66\">\n.avia-image-container.av-kzuy7pbb-2a01ab9d6d8d4acf7d5ff6f0a4d14d66 .av-image-caption-overlay-center{\ncolor:#ffffff;\n}\n<\/style>\n<div  class='avia-image-container av-kzuy7pbb-2a01ab9d6d8d4acf7d5ff6f0a4d14d66 av-styling- avia_animated_image avia_animate_when_almost_visible right-to-left avia-align-center  avia-builder-el-5  el_after_av_textblock  avia-builder-el-last '  itemprop=\"image\" itemscope=\"itemscope\" itemtype=\"https:\/\/schema.org\/ImageObject\" ><div class=\"avia-image-container-inner\"><div class=\"avia-image-overlay-wrap\"><img loading=\"lazy\" decoding=\"async\" class='wp-image-677 avia-img-lazy-loading-677 avia_image' src=\"https:\/\/galliatacadista.com.br\/home\/bootstrap-media\/2022\/02\/04.png\" alt='' title='Galli Atacadista'  height=\"523\" width=\"1024\"  itemprop=\"thumbnailUrl\" srcset=\"https:\/\/galliatacadista.com.br\/home\/bootstrap-media\/2022\/02\/04.png 1024w, https:\/\/galliatacadista.com.br\/home\/bootstrap-media\/2022\/02\/04-300x153.png 300w, https:\/\/galliatacadista.com.br\/home\/bootstrap-media\/2022\/02\/04-768x392.png 768w, https:\/\/galliatacadista.com.br\/home\/bootstrap-media\/2022\/02\/04-720x368.png 720w, https:\/\/galliatacadista.com.br\/home\/bootstrap-media\/2022\/02\/04-705x360.png 705w\" sizes=\"auto, (max-width: 1024px) 100vw, 1024px\" \/><\/div><\/div><\/div><\/p><\/div><\/p>\n","protected":false},"excerpt":{"rendered":"","protected":false},"author":1,"featured_media":0,"parent":0,"menu_order":0,"comment_status":"closed","ping_status":"closed","template":"","meta":{"footnotes":""},"class_list":["post-941","page","type-page","status-publish","hentry"],"_links":{"self":[{"href":"https:\/\/galliatacadista.com.br\/home\/wp-json\/wp\/v2\/pages\/941","targetHints":{"allow":["GET"]}}],"collection":[{"href":"https:\/\/galliatacadista.com.br\/home\/wp-json\/wp\/v2\/pages"}],"about":[{"href":"https:\/\/galliatacadista.com.br\/home\/wp-json\/wp\/v2\/types\/page"}],"author":[{"embeddable":true,"href":"https:\/\/galliatacadista.com.br\/home\/wp-json\/wp\/v2\/users\/1"}],"replies":[{"embeddable":true,"href":"https:\/\/galliatacadista.com.br\/home\/wp-json\/wp\/v2\/comments?post=941"}],"version-history":[{"count":17,"href":"https:\/\/galliatacadista.com.br\/home\/wp-json\/wp\/v2\/pages\/941\/revisions"}],"predecessor-version":[{"id":3632,"href":"https:\/\/galliatacadista.com.br\/home\/wp-json\/wp\/v2\/pages\/941\/revisions\/3632"}],"wp:attachment":[{"href":"https:\/\/galliatacadista.com.br\/home\/wp-json\/wp\/v2\/media?parent=941"}],"curies":[{"name":"wp","href":"https:\/\/api.w.org\/{rel}","templated":true}]}}